{"id":4111,"date":"2020-09-14T16:02:53","date_gmt":"2020-09-14T13:02:53","guid":{"rendered":"https:\/\/erya.encode.com.tr\/karriere\/"},"modified":"2023-01-06T10:11:05","modified_gmt":"2023-01-06T07:11:05","slug":"karriere","status":"publish","type":"page","link":"https:\/\/www.eryabicak.com\/de\/karriere\/","title":{"rendered":"Karriere"},"content":{"rendered":"<p><div class=\"fusion-fullwidth fullwidth-box fusion-builder-row-1 fusion-flex-container has-pattern-background has-mask-background nonhundred-percent-fullwidth non-hundred-percent-height-scrolling\" style=\"--awb-border-radius-top-left:0px;--awb-border-radius-top-right:0px;--awb-border-radius-bottom-right:0px;--awb-border-radius-bottom-left:0px;--awb-padding-right:6%;--awb-padding-bottom:72px;--awb-padding-left:6%;--awb-padding-top-medium:40px;--awb-padding-right-medium:4%;--awb-padding-bottom-medium:40px;--awb-padding-left-medium:4%;--awb-padding-top-small:20px;--awb-padding-bottom-small:20px;--awb-flex-wrap:wrap;\" ><div class=\"fusion-builder-row fusion-row fusion-flex-align-items-stretch fusion-flex-justify-content-center fusion-flex-content-wrap\" style=\"max-width:1310.4px;margin-left: calc(-4% \/ 2 );margin-right: calc(-4% \/ 2 );\"><div class=\"fusion-layout-column fusion_builder_column fusion-builder-column-0 fusion_builder_column_2_5 2_5 fusion-flex-column\" style=\"--awb-bg-position:center top;--awb-bg-size:cover;--awb-width-large:40%;--awb-margin-top-large:10px;--awb-spacing-right-large:4.8%;--awb-margin-bottom-large:10px;--awb-spacing-left-large:4.8%;--awb-width-medium:50%;--awb-order-medium:0;--awb-spacing-right-medium:3.84%;--awb-spacing-left-medium:3.84%;--awb-width-small:100%;--awb-order-small:0;--awb-spacing-right-small:1.92%;--awb-spacing-left-small:1.92%;\"><div class=\"fusion-column-wrapper fusion-column-has-shadow fusion-flex-justify-content-center fusion-content-layout-column\"><div class=\"fusion-image-element \" style=\"--awb-caption-title-font-family:var(--h2_typography-font-family);--awb-caption-title-font-weight:var(--h2_typography-font-weight);--awb-caption-title-font-style:var(--h2_typography-font-style);--awb-caption-title-size:var(--h2_typography-font-size);--awb-caption-title-transform:var(--h2_typography-text-transform);--awb-caption-title-line-height:var(--h2_typography-line-height);--awb-caption-title-letter-spacing:var(--h2_typography-letter-spacing);\"><span class=\" fusion-imageframe imageframe-none imageframe-1 hover-type-none\" style=\"border-radius:12px;\"><img decoding=\"async\" width=\"1200\" height=\"1200\" title=\"bize-katilin\" src=\"https:\/\/www.eryabicak.com\/wp-content\/uploads\/2022\/11\/bize-katilin.jpg\" data-orig-src=\"http:\/\/eryabicak.com\/wp-content\/uploads\/2022\/11\/bize-katilin.jpg\" alt class=\"lazyload img-responsive wp-image-3768\" srcset=\"data:image\/svg+xml,%3Csvg%20xmlns%3D%27http%3A%2F%2Fwww.w3.org%2F2000%2Fsvg%27%20width%3D%271200%27%20height%3D%271200%27%20viewBox%3D%270%200%201200%201200%27%3E%3Crect%20width%3D%271200%27%20height%3D%271200%27%20fill-opacity%3D%220%22%2F%3E%3C%2Fsvg%3E\" data-srcset=\"https:\/\/www.eryabicak.com\/wp-content\/uploads\/2022\/11\/bize-katilin-200x200.jpg 200w, https:\/\/www.eryabicak.com\/wp-content\/uploads\/2022\/11\/bize-katilin-400x400.jpg 400w, https:\/\/www.eryabicak.com\/wp-content\/uploads\/2022\/11\/bize-katilin-600x600.jpg 600w, https:\/\/www.eryabicak.com\/wp-content\/uploads\/2022\/11\/bize-katilin-800x800.jpg 800w, https:\/\/www.eryabicak.com\/wp-content\/uploads\/2022\/11\/bize-katilin.jpg 1200w\" data-sizes=\"auto\" data-orig-sizes=\"(max-width: 640px) 100vw, 600px\" \/><\/span><\/div><\/div><\/div><div class=\"fusion-layout-column fusion_builder_column fusion-builder-column-1 fusion_builder_column_3_5 3_5 fusion-flex-column\" style=\"--awb-bg-size:cover;--awb-width-large:60%;--awb-margin-top-large:20px;--awb-spacing-right-large:9.6%;--awb-margin-bottom-large:20px;--awb-spacing-left-large:12.8%;--awb-width-medium:50%;--awb-order-medium:0;--awb-spacing-right-medium:0px;--awb-spacing-left-medium:5.76%;--awb-width-small:100%;--awb-order-small:0;--awb-spacing-right-small:1.92%;--awb-spacing-left-small:1.92%;\"><div class=\"fusion-column-wrapper fusion-column-has-shadow fusion-flex-justify-content-center fusion-content-layout-column\"><div class=\"fusion-title title fusion-title-1 fusion-sep-none fusion-title-text fusion-title-size-four\" style=\"--awb-text-color:var(--awb-color7);--awb-margin-top:0px;--awb-margin-bottom:16px;\"><h4 class=\"fusion-title-heading title-heading-left fusion-responsive-typography-calculated\" style=\"margin:0;--fontSize:24;--minFontSize:24;line-height:1.42;\">Trete unserem Team bei<\/h4><\/div><div class=\"fusion-text fusion-text-1\"><p style=\"text-align: justify;\">Als ERYA MACHINERY KNIVES haben wir ein Verst\u00e4ndnis, das auf eine langfristige Zusammenarbeit mit unseren Mitarbeitern abzielt. Im Rahmen dieses Verst\u00e4ndnisses arbeiten wir mit Teamkollegen zusammen, die zuverl\u00e4ssig, ehrlich, teamf\u00e4hig, offen f\u00fcr Entwicklung und Ver\u00e4nderung sind, die Initiative ergreifen und einsetzen k\u00f6nnen, die kundenorientiertes Arbeiten zum Grundsatz machen, die unser Unternehmen repr\u00e4sentieren k\u00f6nnen die Serviceplattform gem\u00e4\u00df unserer Vision und Mission Wir sind im Wachstumsziel.<\/p>\n<p style=\"text-align: justify;\">Sie k\u00f6nnen Ihre Lebensl\u00e4ufe f\u00fcr Ihre Bewerbungen an unsere Institution an i<a href=\"mailto:info@eryabicak.com\" target=\"_blank\" rel=\"noopener\">nfo@eryabicak.com<\/a> senden. Ihre Bewerbungen werden im Personalpool vertraulich behandelt, um zeitnah ausgewertet zu werden.<\/p>\n<\/div><\/div><\/div><\/div><\/div><div class=\"fusion-fullwidth fullwidth-box fusion-builder-row-2 fusion-flex-container has-pattern-background has-mask-background nonhundred-percent-fullwidth non-hundred-percent-height-scrolling\" style=\"--link_color: var(--awb-color1);--awb-border-radius-top-left:0px;--awb-border-radius-top-right:0px;--awb-border-radius-bottom-right:0px;--awb-border-radius-bottom-left:0px;--awb-padding-top:20px;--awb-padding-bottom:20px;--awb-padding-top-small:40px;--awb-padding-right-small:20px;--awb-padding-bottom-small:0px;--awb-padding-left-small:20px;--awb-flex-wrap:wrap;\" ><div class=\"fusion-builder-row fusion-row fusion-flex-align-items-center fusion-flex-justify-content-center fusion-flex-content-wrap\" style=\"max-width:1310.4px;margin-left: calc(-4% \/ 2 );margin-right: calc(-4% \/ 2 );\"><div class=\"fusion-layout-column fusion_builder_column fusion-builder-column-2 fusion_builder_column_1_1 1_1 fusion-flex-column\" style=\"--awb-padding-top:5%;--awb-padding-right:6%;--awb-padding-bottom:5%;--awb-padding-left:6%;--awb-overflow:hidden;--awb-bg-color:var(--awb-custom10);--awb-bg-color-hover:var(--awb-custom10);--awb-bg-size:cover;--awb-box-shadow:0px 24px 40px 0px hsla(var(--awb-custom1-h),var(--awb-custom1-s),var(--awb-custom1-l),calc( var(--awb-custom1-a) - 76% ));;--awb-border-radius:24px 24px 24px 24px;--awb-width-large:100%;--awb-margin-top-large:20px;--awb-spacing-right-large:0%;--awb-margin-bottom-large:20px;--awb-spacing-left-large:0%;--awb-width-medium:100%;--awb-order-medium:0;--awb-spacing-right-medium:0%;--awb-spacing-left-medium:0%;--awb-width-small:100%;--awb-order-small:0;--awb-spacing-right-small:1.92%;--awb-spacing-left-small:1.92%;\"><div class=\"fusion-column-wrapper fusion-column-has-shadow fusion-flex-justify-content-flex-start fusion-content-layout-column\"><div class=\"fusion-builder-row fusion-builder-row-inner fusion-row fusion-flex-align-items-center fusion-flex-justify-content-center fusion-flex-content-wrap\" style=\"width:104% !important;max-width:104% !important;margin-left: calc(-4% \/ 2 );margin-right: calc(-4% \/ 2 );\"><div class=\"fusion-layout-column fusion_builder_column_inner fusion-builder-nested-column-0 fusion_builder_column_inner_3_4 3_4 fusion-flex-column\" style=\"--awb-bg-size:cover;--awb-width-large:75%;--awb-margin-top-large:12px;--awb-spacing-right-large:2.56%;--awb-margin-bottom-large:20px;--awb-spacing-left-large:2.56%;--awb-width-medium:60%;--awb-order-medium:0;--awb-spacing-right-medium:3.2%;--awb-spacing-left-medium:3.2%;--awb-width-small:100%;--awb-order-small:0;--awb-spacing-right-small:1.92%;--awb-margin-bottom-small:0px;--awb-spacing-left-small:1.92%;\"><div class=\"fusion-column-wrapper fusion-column-has-shadow fusion-flex-justify-content-flex-start fusion-content-layout-column\"><div class=\"fusion-title title fusion-title-2 fusion-sep-none fusion-title-text fusion-title-size-one\" style=\"--awb-text-color:var(--awb-color1);\"><h1 class=\"fusion-title-heading title-heading-left sm-text-align-center fusion-responsive-typography-calculated\" style=\"margin:0;--fontSize:40;line-height:var(--awb-typography1-line-height);\">Kontaktiere uns <span style=\"color: var(--awb-color7);\">.<\/span><\/h1><\/div><div class=\"fusion-text fusion-text-2 sm-text-align-center\" style=\"--awb-font-size:26px;--awb-line-height:36px;--awb-text-color:var(--awb-color1);\"><p>Erhalten Sie schnell und einfach Angebote f\u00fcr Ihre Bed\u00fcrfnisse.<\/p>\n<\/div><\/div><\/div><div class=\"fusion-layout-column fusion_builder_column_inner fusion-builder-nested-column-1 fusion_builder_column_inner_1_4 1_4 fusion-flex-column\" style=\"--awb-bg-size:cover;--awb-width-large:25%;--awb-margin-top-large:20px;--awb-spacing-right-large:7.68%;--awb-margin-bottom-large:20px;--awb-spacing-left-large:7.68%;--awb-width-medium:40%;--awb-order-medium:0;--awb-spacing-right-medium:4.8%;--awb-spacing-left-medium:4.8%;--awb-width-small:100%;--awb-order-small:0;--awb-spacing-right-small:1.92%;--awb-spacing-left-small:1.92%;\"><div class=\"fusion-column-wrapper fusion-column-has-shadow fusion-flex-justify-content-flex-start fusion-content-layout-column\"><div style=\"text-align:center;\"><a class=\"fusion-button button-flat fusion-button-default-size button-default fusion-button-default button-1 fusion-button-span-yes fusion-button-default-type\" target=\"_self\" href=\"http:\/\/eryabicak.com\/de\/kommunikation\/\"><span class=\"fusion-button-text awb-button__text awb-button__text--default\">Kommunikation<\/span><\/a><\/div><div style=\"text-align:center;\"><a class=\"fusion-button button-flat fusion-button-default-size button-custom fusion-button-default button-2 fusion-button-span-yes fusion-button-default-type\" style=\"--button_accent_color:var(--awb-color1);--button_accent_hover_color:var(--awb-color7);--button_border_hover_color:var(--awb-color7);--button_gradient_top_color:var(--awb-custom1);--button_gradient_bottom_color:var(--awb-custom1);--button_gradient_top_color_hover:var(--awb-color1);--button_gradient_bottom_color_hover:var(--awb-color1);--button_margin-top:12px;\" target=\"_blank\" rel=\"noopener noreferrer\" href=\"tel:+905383936330\"><span class=\"fusion-button-text awb-button__text awb-button__text--default\">+90 538 393 63 30<\/span><\/a><\/div><\/div><\/div><\/div><\/div><\/div><\/div><\/div>\n<\/p>\n","protected":false},"excerpt":{"rendered":"","protected":false},"author":1,"featured_media":0,"parent":0,"menu_order":60,"comment_status":"closed","ping_status":"closed","template":"100-width.php","meta":{"_joinchat":[],"footnotes":""},"class_list":["post-4111","page","type-page","status-publish","hentry"],"yoast_head":"<!-- This site is optimized with the Yoast SEO plugin v26.8 - https:\/\/yoast.com\/product\/yoast-seo-wordpress\/ -->\n<title>Karriere - ERYA MAK\u0130NA BI\u00c7AKLARI<\/title>\n<meta name=\"robots\" content=\"index, follow, max-snippet:-1, max-image-preview:large, max-video-preview:-1\" \/>\n<link rel=\"canonical\" href=\"https:\/\/www.eryabicak.com\/kariyer\/\" \/>\n<meta property=\"og:locale\" content=\"de_DE\" \/>\n<meta property=\"og:type\" content=\"article\" \/>\n<meta property=\"og:title\" content=\"Karriere - ERYA MAK\u0130NA BI\u00c7AKLARI\" \/>\n<meta property=\"og:url\" content=\"https:\/\/www.eryabicak.com\/kariyer\/\" \/>\n<meta property=\"og:site_name\" content=\"ERYA MAK\u0130NA BI\u00c7AKLARI\" \/>\n<meta property=\"article:modified_time\" content=\"2023-01-06T07:11:05+00:00\" \/>\n<meta name=\"twitter:card\" content=\"summary_large_image\" \/>\n<meta name=\"twitter:label1\" content=\"Gesch\u00e4tzte Lesezeit\" \/>\n\t<meta name=\"twitter:data1\" content=\"7\u00a0Minuten\" \/>\n<script type=\"application\/ld+json\" class=\"yoast-schema-graph\">{\"@context\":\"https:\/\/schema.org\",\"@graph\":[{\"@type\":\"WebPage\",\"@id\":\"https:\/\/www.eryabicak.com\/kariyer\/\",\"url\":\"https:\/\/www.eryabicak.com\/kariyer\/\",\"name\":\"Karriere - ERYA MAK\u0130NA BI\u00c7AKLARI\",\"isPartOf\":{\"@id\":\"https:\/\/www.eryabicak.com\/#website\"},\"datePublished\":\"2020-09-14T13:02:53+00:00\",\"dateModified\":\"2023-01-06T07:11:05+00:00\",\"breadcrumb\":{\"@id\":\"https:\/\/www.eryabicak.com\/kariyer\/#breadcrumb\"},\"inLanguage\":\"de\",\"potentialAction\":[{\"@type\":\"ReadAction\",\"target\":[\"https:\/\/www.eryabicak.com\/kariyer\/\"]}]},{\"@type\":\"BreadcrumbList\",\"@id\":\"https:\/\/www.eryabicak.com\/kariyer\/#breadcrumb\",\"itemListElement\":[{\"@type\":\"ListItem\",\"position\":1,\"name\":\"Anasayfa\",\"item\":\"https:\/\/www.eryabicak.com\/de\/\"},{\"@type\":\"ListItem\",\"position\":2,\"name\":\"Karriere\"}]},{\"@type\":\"WebSite\",\"@id\":\"https:\/\/www.eryabicak.com\/#website\",\"url\":\"https:\/\/www.eryabicak.com\/\",\"name\":\"ERYA MAK\u0130NA BI\u00c7AKLARI\",\"description\":\"\",\"publisher\":{\"@id\":\"https:\/\/www.eryabicak.com\/#organization\"},\"potentialAction\":[{\"@type\":\"SearchAction\",\"target\":{\"@type\":\"EntryPoint\",\"urlTemplate\":\"https:\/\/www.eryabicak.com\/?s={search_term_string}\"},\"query-input\":{\"@type\":\"PropertyValueSpecification\",\"valueRequired\":true,\"valueName\":\"search_term_string\"}}],\"inLanguage\":\"de\"},{\"@type\":\"Organization\",\"@id\":\"https:\/\/www.eryabicak.com\/#organization\",\"name\":\"ERYA MAK\u0130NA BI\u00c7AKLARI\",\"url\":\"https:\/\/www.eryabicak.com\/\",\"logo\":{\"@type\":\"ImageObject\",\"inLanguage\":\"de\",\"@id\":\"https:\/\/www.eryabicak.com\/#\/schema\/logo\/image\/\",\"url\":\"http:\/\/eryabicak.com\/wp-content\/uploads\/2023\/01\/erya-logo-retina.png\",\"contentUrl\":\"http:\/\/eryabicak.com\/wp-content\/uploads\/2023\/01\/erya-logo-retina.png\",\"width\":744,\"height\":420,\"caption\":\"ERYA MAK\u0130NA BI\u00c7AKLARI\"},\"image\":{\"@id\":\"https:\/\/www.eryabicak.com\/#\/schema\/logo\/image\/\"}}]}<\/script>\n<!-- \/ Yoast SEO plugin. -->","yoast_head_json":{"title":"Karriere - ERYA MAK\u0130NA BI\u00c7AKLARI","robots":{"index":"index","follow":"follow","max-snippet":"max-snippet:-1","max-image-preview":"max-image-preview:large","max-video-preview":"max-video-preview:-1"},"canonical":"https:\/\/www.eryabicak.com\/kariyer\/","og_locale":"de_DE","og_type":"article","og_title":"Karriere - ERYA MAK\u0130NA BI\u00c7AKLARI","og_url":"https:\/\/www.eryabicak.com\/kariyer\/","og_site_name":"ERYA MAK\u0130NA BI\u00c7AKLARI","article_modified_time":"2023-01-06T07:11:05+00:00","twitter_card":"summary_large_image","twitter_misc":{"Gesch\u00e4tzte Lesezeit":"7\u00a0Minuten"},"schema":{"@context":"https:\/\/schema.org","@graph":[{"@type":"WebPage","@id":"https:\/\/www.eryabicak.com\/kariyer\/","url":"https:\/\/www.eryabicak.com\/kariyer\/","name":"Karriere - ERYA MAK\u0130NA BI\u00c7AKLARI","isPartOf":{"@id":"https:\/\/www.eryabicak.com\/#website"},"datePublished":"2020-09-14T13:02:53+00:00","dateModified":"2023-01-06T07:11:05+00:00","breadcrumb":{"@id":"https:\/\/www.eryabicak.com\/kariyer\/#breadcrumb"},"inLanguage":"de","potentialAction":[{"@type":"ReadAction","target":["https:\/\/www.eryabicak.com\/kariyer\/"]}]},{"@type":"BreadcrumbList","@id":"https:\/\/www.eryabicak.com\/kariyer\/#breadcrumb","itemListElement":[{"@type":"ListItem","position":1,"name":"Anasayfa","item":"https:\/\/www.eryabicak.com\/de\/"},{"@type":"ListItem","position":2,"name":"Karriere"}]},{"@type":"WebSite","@id":"https:\/\/www.eryabicak.com\/#website","url":"https:\/\/www.eryabicak.com\/","name":"ERYA MAK\u0130NA BI\u00c7AKLARI","description":"","publisher":{"@id":"https:\/\/www.eryabicak.com\/#organization"},"potentialAction":[{"@type":"SearchAction","target":{"@type":"EntryPoint","urlTemplate":"https:\/\/www.eryabicak.com\/?s={search_term_string}"},"query-input":{"@type":"PropertyValueSpecification","valueRequired":true,"valueName":"search_term_string"}}],"inLanguage":"de"},{"@type":"Organization","@id":"https:\/\/www.eryabicak.com\/#organization","name":"ERYA MAK\u0130NA BI\u00c7AKLARI","url":"https:\/\/www.eryabicak.com\/","logo":{"@type":"ImageObject","inLanguage":"de","@id":"https:\/\/www.eryabicak.com\/#\/schema\/logo\/image\/","url":"http:\/\/eryabicak.com\/wp-content\/uploads\/2023\/01\/erya-logo-retina.png","contentUrl":"http:\/\/eryabicak.com\/wp-content\/uploads\/2023\/01\/erya-logo-retina.png","width":744,"height":420,"caption":"ERYA MAK\u0130NA BI\u00c7AKLARI"},"image":{"@id":"https:\/\/www.eryabicak.com\/#\/schema\/logo\/image\/"}}]}},"_links":{"self":[{"href":"https:\/\/www.eryabicak.com\/de\/wp-json\/wp\/v2\/pages\/4111","targetHints":{"allow":["GET"]}}],"collection":[{"href":"https:\/\/www.eryabicak.com\/de\/wp-json\/wp\/v2\/pages"}],"about":[{"href":"https:\/\/www.eryabicak.com\/de\/wp-json\/wp\/v2\/types\/page"}],"author":[{"embeddable":true,"href":"https:\/\/www.eryabicak.com\/de\/wp-json\/wp\/v2\/users\/1"}],"replies":[{"embeddable":true,"href":"https:\/\/www.eryabicak.com\/de\/wp-json\/wp\/v2\/comments?post=4111"}],"version-history":[{"count":5,"href":"https:\/\/www.eryabicak.com\/de\/wp-json\/wp\/v2\/pages\/4111\/revisions"}],"predecessor-version":[{"id":4116,"href":"https:\/\/www.eryabicak.com\/de\/wp-json\/wp\/v2\/pages\/4111\/revisions\/4116"}],"wp:attachment":[{"href":"https:\/\/www.eryabicak.com\/de\/wp-json\/wp\/v2\/media?parent=4111"}],"curies":[{"name":"wp","href":"https:\/\/api.w.org\/{rel}","templated":true}]}}